{"id":2386,"date":"2023-04-13T18:34:56","date_gmt":"2023-04-13T18:34:56","guid":{"rendered":"https:\/\/amcham-manabi.com\/?page_id=2386"},"modified":"2023-06-12T23:00:34","modified_gmt":"2023-06-12T23:00:34","slug":"servicios","status":"publish","type":"page","link":"https:\/\/amcham-manabi.com\/en\/servicios\/","title":{"rendered":"Services"},"content":{"rendered":"<section class=\"wpb-content-wrapper\"><p>[vc_row full_width=&#8221;stretch_row_content_no_spaces&#8221; css=&#8221;.vc_custom_1683329807623{margin-top: -40px !important;}&#8221; woodmart_parallax=&#8221;0&#8243; woodmart_gradient_switch=&#8221;no&#8221; row_reverse_mobile=&#8221;0&#8243; row_reverse_tablet=&#8221;0&#8243; woodmart_disable_overflow=&#8221;0&#8243;][vc_column][rev_slider_vc alias=&#8221;slider-food&#8221;][\/vc_column][\/vc_row][vc_row full_width=&#8221;stretch_row&#8221; content_placement=&#8221;middle&#8221; woodmart_parallax=&#8221;0&#8243; woodmart_gradient_switch=&#8221;no&#8221; row_reverse_mobile=&#8221;0&#8243; row_reverse_tablet=&#8221;0&#8243; woodmart_disable_overflow=&#8221;0&#8243; css=&#8221;.vc_custom_1683329872492{background-color: #001f46 !important;}&#8221;][vc_column width=&#8221;3\/4&#8243;][vc_column_text]<span style=\"color: #ffffff; font-size: 14pt;\">Join and start enjoying the benefits we offer you!<\/span>[\/vc_column_text][\/vc_column][vc_column width=&#8221;1\/4&#8243; css=&#8221;.vc_custom_1683329893343{background-color: #ffcf00 !important;}&#8221; woodmart_parallax=&#8221;0&#8243; parallax_scroll=&#8221;no&#8221;][vc_column_text]<\/p>\n<p style=\"text-align: center;\"><a href=\"https:\/\/amcham-manabi.com\/index.php\/membresias\/\"><strong><span style=\"font-size: 14pt;\">Get your<\/span><\/strong><br \/>\n<strong><span style=\"font-size: 14pt;\">membership here<\/span><\/strong><\/a><\/p>\n<p>[\/vc_column_text][\/vc_column][\/vc_row][vc_section full_width=&#8221;stretch_row&#8221; woodmart_bg_position=&#8221;center-center&#8221; css=&#8221;.vc_custom_1683334482489{background: #00205d url(https:\/\/amcham-manabi.com\/wp-content\/uploads\/2023\/05\/mundo.png?id=2982) !important;background-position: center !important;background-repeat: no-repeat !important;background-size: contain !important;}&#8221; woodmart_parallax=&#8221;0&#8243; woodmart_gradient_switch=&#8221;no&#8221; woodmart_disable_overflow=&#8221;0&#8243;][vc_row][vc_column][vc_empty_space height=&#8221;70px&#8221; woodmart_hide_large=&#8221;0&#8243; woodmart_hide_medium=&#8221;0&#8243; woodmart_hide_small=&#8221;0&#8243; woodmart_hide_extra_small=&#8221;0&#8243;][vc_column_text]<\/p>\n<h2 style=\"text-align: center;\"><span style=\"color: #ffffff;\">SERVICES AND BENEFITS OFFERED<\/span> <span style=\"color: #0079d0;\">BY AMCHAM<\/span><\/h2>\n<p>[\/vc_column_text][vc_row_inner][vc_column_inner width=&#8221;1\/6&#8243;][\/vc_column_inner][vc_column_inner width=&#8221;2\/3&#8243;][vc_column_text]<\/p>\n<p style=\"text-align: justify;\"><span style=\"color: #ffffff;\">La C\u00e1mara de Comercio Ecuatoriano Americana Seccional Manab\u00ed pone a disposici\u00f3n de sus socios una serie de beneficios y servicios, pensando en sus necesidades y desenvolvimiento profesional. Adem\u00e1s, Amcham Manab\u00ed brinda espacios para que sus afiliados puedan generar nuevas oportunidades de negocios y participar activamente en el dise\u00f1o de estrategias que impulsen el desarrollo de sus negocios y de los sectores econ\u00f3micos y productivos del pa\u00eds.<\/span><\/p>\n<p>[\/vc_column_text][vc_empty_space height=&#8221;50px&#8221; woodmart_hide_large=&#8221;0&#8243; woodmart_hide_medium=&#8221;0&#8243; woodmart_hide_small=&#8221;0&#8243; woodmart_hide_extra_small=&#8221;0&#8243;][\/vc_column_inner][vc_column_inner width=&#8221;1\/6&#8243;][\/vc_column_inner][\/vc_row_inner][vc_column_text]<\/p>\n<p style=\"text-align: center;\"><span style=\"font-size: 14pt; color: #ffffff;\">Among the benefits are: <\/span><\/p>\n<p>[\/vc_column_text][vc_row_inner equal_height=&#8221;yes&#8221; content_placement=&#8221;middle&#8221; row_reverse_mobile=&#8221;0&#8243; row_reverse_tablet=&#8221;0&#8243;][vc_column_inner width=&#8221;1\/2&#8243;][vc_single_image image=&#8221;2986&#8243; img_size=&#8221;large&#8221; alignment=&#8221;center&#8221; parallax_scroll=&#8221;no&#8221;][\/vc_column_inner][vc_column_inner width=&#8221;1\/2&#8243;][vc_column_text]<\/p>\n<p style=\"text-align: justify;\"><span style=\"color: #0079d0;\"><strong>NETWORKING<\/strong><\/span><br \/>\n<span style=\"color: #ffffff;\">Participation in relationship spaces with business leaders and professionals from different industries and sectors, as well as with high authorities of the Ecuadorian and US Government.<\/span><\/p>\n<p>[\/vc_column_text][vc_column_text]<\/p>\n<p style=\"text-align: justify;\"><span style=\"color: #0079d0;\"><strong>FOREIGN TRADE ADVICE<\/strong><\/span><br \/>\n<span style=\"color: #ffffff;\">Technical support to facilitate business opportunities with the United States. Support in research and strategic market analysis, as well as consultancy in international trade and promotion of exports and imports.<\/span><\/p>\n<p>[\/vc_column_text][vc_column_text]<\/p>\n<p style=\"text-align: justify;\"><span style=\"color: #0079d0;\"><strong>TRAINING<\/strong><\/span><br \/>\n<span style=\"color: #ffffff;\">Design of training tailored to the needs of affiliates in different business topics, with high-level facilitators.<\/span><\/p>\n<p>[\/vc_column_text][vc_column_text]<\/p>\n<p style=\"text-align: justify;\"><span style=\"color: #0079d0;\"><strong>GOVERNMENT RELATIONS<\/strong><\/span><br \/>\n<span style=\"color: #ffffff;\">Accompaniment in the management of relationship strategies with the Government, sectors of interest and other stakeholders.<\/span><\/p>\n<p>[\/vc_column_text][vc_column_text]<\/p>\n<p style=\"text-align: justify;\"><span style=\"color: #0079d0;\"><strong>NETWORK OF NATIONAL AND INTERNATIONAL CONTACTS<\/strong><\/span><br \/>\n<span style=\"color: #ffffff;\">We facilitate business management thanks to the fact that Amcham Manab\u00ed is part of important national business associations.Internationally, we are in the process of belonging to the Association of American Chambers of Commerce in Latin America and the Caribbean and the U.S. Chamber of Commerce. The members of AMCHAM Manab\u00ed may also go to any AMCHAM, both nationally and in Latin America, to receive information, contacts and support.<\/span><\/p>\n<p>[\/vc_column_text][vc_column_text]<\/p>\n<p style=\"text-align: justify;\"><span style=\"color: #0079d0;\"><strong>BUSINESS MISSIONS<\/strong><\/span><br \/>\n<span style=\"color: #ffffff;\">Participation in business missions, to and from the United States, for representation at fairs and business meetings with the public and private sector on a national and international scale.<\/span><\/p>\n<p>[\/vc_column_text][vc_column_text]<\/p>\n<p style=\"text-align: justify;\"><span style=\"color: #0079d0;\"><strong>BUSINESS POSITIONING SPACES<\/strong><\/span><br \/>\n<span style=\"color: #ffffff;\">Coordination of meetings and events so that partners can publicize current business issues to different stakeholders.<\/span><\/p>\n<p>[\/vc_column_text][vc_column_text]<\/p>\n<p style=\"text-align: justify;\"><span style=\"color: #0079d0;\"><strong>WORK SPACES<\/strong><\/span><br \/>\n<span style=\"color: #ffffff;\">Office available to partners for work meetings.<\/span><\/p>\n<p>[\/vc_column_text][vc_column_text]<\/p>\n<p style=\"text-align: justify;\"><span style=\"color: #0079d0;\"><strong>TRAINING<\/strong><\/span><br \/>\n<span style=\"color: #ffffff;\">Design of training tailored to the needs of affiliates in different business topics, with high-level facilitators.<\/span><\/p>\n<p>[\/vc_column_text][vc_column_text]<\/p>\n<p style=\"text-align: justify;\"><span style=\"color: #0079d0;\"><strong>PROMOTION<\/strong><\/span><br \/>\n<span style=\"color: #ffffff;\">Possibility of participation in the &#8220;Present your company&#8221; event, a space designed to promote the offer of affiliate products or services. Also the use of our endorsement or brand in your events or activities that you carry out in your companies.<\/span><\/p>\n<p>[\/vc_column_text][vc_column_text]<\/p>\n<p style=\"text-align: justify;\"><span style=\"color: #0079d0;\"><strong>DISCOUNT<\/strong><\/span><br \/>\n<span style=\"color: #ffffff;\">AMCHAM MANABI has a benefits network card with discounts, promotions or offers and a national alliance for members.<\/span><\/p>\n<p>[\/vc_column_text][vc_column_text]<\/p>\n<p style=\"text-align: justify;\"><span style=\"color: #0079d0;\"><strong>COMMUNICATION<\/strong><\/span><br \/>\n<span style=\"color: #ffffff;\">The circulation of the AmCham Business Magazine, in addition to maintaining relevant information, offers its members the use of advertising space at affordable prices.<\/span><\/p>\n<p>[\/vc_column_text][\/vc_column_inner][\/vc_row_inner][vc_empty_space height=&#8221;70px&#8221; woodmart_hide_large=&#8221;0&#8243; woodmart_hide_medium=&#8221;0&#8243; woodmart_hide_small=&#8221;0&#8243; woodmart_hide_extra_small=&#8221;0&#8243;][\/vc_column][\/vc_row][\/vc_section]<\/p>\n<\/section>","protected":false},"excerpt":{"rendered":"<p>[vc_row full_width=&#8221;stretch_row_content_no_spaces&#8221; css=&#8221;.vc_custom_1683329807623{margin-top: -40px !important;}&#8221; woodmart_parallax=&#8221;0&#8243; woodmart_gradient_switch=&#8221;no&#8221; row_reverse_mobile=&#8221;0&#8243; row_reverse_tablet=&#8221;0&#8243; woodmart_disable_overflow=&#8221;0&#8243;][vc_column][rev_slider_vc alias=&#8221;slider-food&#8221;][\/vc_column][\/vc_row][vc_row full_width=&#8221;stretch_row&#8221; content_placement=&#8221;middle&#8221; woodmart_parallax=&#8221;0&#8243; woodmart_gradient_switch=&#8221;no&#8221; row_reverse_mobile=&#8221;0&#8243; row_reverse_tablet=&#8221;0&#8243; woodmart_disable_overflow=&#8221;0&#8243; css=&#8221;.vc_custom_1683329872492{background-color: #001f46<\/p>\n","protected":false},"author":1,"featured_media":0,"parent":0,"menu_order":0,"comment_status":"closed","ping_status":"closed","template":"","meta":{"_joinchat":[],"footnotes":""},"class_list":["post-2386","page","type-page","status-publish","hentry"],"_links":{"self":[{"href":"https:\/\/amcham-manabi.com\/en\/wp-json\/wp\/v2\/pages\/2386","targetHints":{"allow":["GET"]}}],"collection":[{"href":"https:\/\/amcham-manabi.com\/en\/wp-json\/wp\/v2\/pages"}],"about":[{"href":"https:\/\/amcham-manabi.com\/en\/wp-json\/wp\/v2\/types\/page"}],"author":[{"embeddable":true,"href":"https:\/\/amcham-manabi.com\/en\/wp-json\/wp\/v2\/users\/1"}],"replies":[{"embeddable":true,"href":"https:\/\/amcham-manabi.com\/en\/wp-json\/wp\/v2\/comments?post=2386"}],"version-history":[{"count":27,"href":"https:\/\/amcham-manabi.com\/en\/wp-json\/wp\/v2\/pages\/2386\/revisions"}],"predecessor-version":[{"id":3131,"href":"https:\/\/amcham-manabi.com\/en\/wp-json\/wp\/v2\/pages\/2386\/revisions\/3131"}],"wp:attachment":[{"href":"https:\/\/amcham-manabi.com\/en\/wp-json\/wp\/v2\/media?parent=2386"}],"curies":[{"name":"wp","href":"https:\/\/api.w.org\/{rel}","templated":true}]}}