{"id":2394,"date":"2023-04-13T18:36:10","date_gmt":"2023-04-13T18:36:10","guid":{"rendered":"https:\/\/amcham-manabi.com\/?page_id=2394"},"modified":"2023-06-12T23:33:12","modified_gmt":"2023-06-12T23:33:12","slug":"conoce-manabi","status":"publish","type":"page","link":"https:\/\/amcham-manabi.com\/en\/conoce-manabi\/","title":{"rendered":"Conoce Manab\u00ed"},"content":{"rendered":"<section class=\"wpb-content-wrapper\"><p>[vc_section full_width=&#8221;stretch_row_content&#8221; woodmart_parallax=&#8221;0&#8243; woodmart_gradient_switch=&#8221;no&#8221; woodmart_disable_overflow=&#8221;0&#8243; css=&#8221;.vc_custom_1683302255056{margin-top: -35px !important;}&#8221;][vc_row full_width=&#8221;stretch_row_content_no_spaces&#8221; woodmart_parallax=&#8221;0&#8243; woodmart_gradient_switch=&#8221;no&#8221; row_reverse_mobile=&#8221;0&#8243; row_reverse_tablet=&#8221;0&#8243; woodmart_disable_overflow=&#8221;0&#8243;][vc_column][vc_single_image image=&#8221;2903&#8243; img_size=&#8221;full&#8221; alignment=&#8221;center&#8221; parallax_scroll=&#8221;no&#8221;][\/vc_column][\/vc_row][\/vc_section][vc_section css=&#8221;.vc_custom_1683302589076{margin-top: -35px !important;background-image: url(https:\/\/amcham-manabi.com\/wp-content\/uploads\/2023\/05\/mapa.png?id=2906) !important;background-position: center !important;background-repeat: no-repeat !important;background-size: cover !important;}&#8221; woodmart_parallax=&#8221;0&#8243; woodmart_gradient_switch=&#8221;no&#8221; woodmart_disable_overflow=&#8221;0&#8243;][vc_row][vc_column width=&#8221;1\/6&#8243;][\/vc_column][vc_column width=&#8221;2\/3&#8243;][vc_custom_heading text=&#8221;LA EXPERIENCIA ES EL MEJOR CONOCIMIENTO QUE PODEMOS TRANSMITIR POR ESO NOS ALEGRA QUE ESTES AQU\u00cd. AMCHAM MANAB\u00cd APROVECHA PARA COMPARTIR ESTA SECCI\u00d3N DONDE PODR\u00c1S ENCONTRAR LOS MEJORES LUGARES TUR\u00cdSTICOS&#8221; font_container=&#8221;tag:h2|font_size:24|text_align:left&#8221; use_theme_fonts=&#8221;yes&#8221;][\/vc_column][vc_column width=&#8221;1\/6&#8243;][\/vc_column][\/vc_row][vc_row content_placement=&#8221;middle&#8221; woodmart_parallax=&#8221;0&#8243; woodmart_gradient_switch=&#8221;no&#8221; row_reverse_mobile=&#8221;0&#8243; row_reverse_tablet=&#8221;0&#8243; woodmart_disable_overflow=&#8221;0&#8243;][vc_column width=&#8221;1\/2&#8243;][vc_images_carousel images=&#8221;2910,2914,2913,2912,2921&#8243; img_size=&#8221;full&#8221; onclick=&#8221;link_no&#8221; slides_per_view=&#8221;2&#8243; autoplay=&#8221;yes&#8221; wrap=&#8221;yes&#8221;][\/vc_column][vc_column width=&#8221;1\/2&#8243;][vc_column_text]<span style=\"font-family: arial, helvetica, sans-serif;\"><strong>< CHEF<\/strong><\/span><\/p>\n<h2><span style=\"font-family: arial, helvetica, sans-serif;\">FANNY VERGARA<\/span><\/h2>\n<p style=\"text-align: justify;\"><span style=\"font-family: arial, helvetica, sans-serif;\">Han pasado miles de a\u00f1os y la tradici\u00f3n sigue intacta, el horno de le\u00f1a manabita tiene su origen desde la \u00e9poca prehisp\u00e1nica, pero sigue vigente como el eje central de la cocina ancestral y tradicional de Manab\u00ed \u2013 Ecuador.<\/span><br \/>\n<span style=\"font-family: arial, helvetica, sans-serif;\">Fanny Vergara es una agricultora, chef, e investigadora de la cocina ancestral y tradicional de la provincia de Manab\u00ed \u2013 Ecuador.<\/span><\/p>\n<p><span style=\"font-family: arial, helvetica, sans-serif;\"><i class=\"fas fa-phone-alt \" ><\/i>\u00a0 +593 98 726 7558<\/span>[\/vc_column_text][vc_row_inner][vc_column_inner width=&#8221;1\/6&#8243;][vc_column_text]<\/p>\n<p style=\"text-align: left;\"><a href=\"https:\/\/www.instagram.com\/manishagua.ec\/\" target=\"_blank\" rel=\"noopener\"><i class=\"fab fa-instagram \" ><\/i><\/a><\/p>\n<p>[\/vc_column_text][\/vc_column_inner][vc_column_inner width=&#8221;1\/6&#8243;][vc_column_text]<\/p>\n<p style=\"text-align: left;\"><a href=\"https:\/\/www.youtube.com\/@cocinaancestralmanabitaecu3292\/featured\" target=\"_blank\" rel=\"noopener\"><i class=\"fab fa-youtube \" ><\/i><\/a><\/p>\n<p>[\/vc_column_text][\/vc_column_inner][vc_column_inner width=&#8221;1\/6&#8243;][vc_column_text]<\/p>\n<p style=\"text-align: left;\"><a href=\"https:\/\/gasanecuador.com\/\" target=\"_blank\" rel=\"noopener\"><i class=\"fas fa-laptop-code \" ><\/i><\/a><\/p>\n<p>[\/vc_column_text][\/vc_column_inner][vc_column_inner width=&#8221;1\/6&#8243;][\/vc_column_inner][vc_column_inner width=&#8221;1\/6&#8243;][\/vc_column_inner][vc_column_inner width=&#8221;1\/6&#8243;][\/vc_column_inner][\/vc_row_inner][\/vc_column][\/vc_row][vc_row][vc_column][vc_empty_space height=&#8221;60px&#8221; woodmart_hide_large=&#8221;0&#8243; woodmart_hide_medium=&#8221;0&#8243; woodmart_hide_small=&#8221;0&#8243; woodmart_hide_extra_small=&#8221;0&#8243;][\/vc_column][\/vc_row][vc_row equal_height=&#8221;yes&#8221; content_placement=&#8221;middle&#8221; woodmart_parallax=&#8221;0&#8243; woodmart_gradient_switch=&#8221;no&#8221; row_reverse_mobile=&#8221;0&#8243; row_reverse_tablet=&#8221;0&#8243; woodmart_disable_overflow=&#8221;0&#8243;][vc_column width=&#8221;1\/2&#8243;][vc_single_image image=&#8221;2934&#8243; img_size=&#8221;400&#215;400&#8243; alignment=&#8221;center&#8221; parallax_scroll=&#8221;no&#8221;][vc_column_text]<\/p>\n<p style=\"text-align: center;\"><span style=\"font-family: arial, helvetica, sans-serif;\">Localidad: Isla de la Plata, Manab\u00ed<\/span><\/p>\n<p>[\/vc_column_text][\/vc_column][vc_column width=&#8221;1\/2&#8243;][vc_column_text]<span style=\"font-family: arial, helvetica, sans-serif;\"><<\/span><\/p>\n<h2><span style=\"font-family: arial, helvetica, sans-serif;\">ISLA DE LA PLATA<\/span><\/h2>\n<p style=\"text-align: justify;\"><span style=\"font-family: arial, helvetica, sans-serif;\">Isla de la Plata\u200b es una peque\u00f1a isla frente a las costas de Manab\u00ed, Ecuador, \u200b que forma parte del Parque nacional Machalilla.\u200b Viniendo descubriendo el marqu\u00e9s don Francisco Pizarro hallaron en esta isla plata y joyas de oro usados por los ind\u00edgenas, de ah\u00ed el nombre de Isla de la Plata. La isla, de aproximadamente 7 km2, se halla\u00a0frente a la costa sur de Manab\u00ed, de la cual se encuentra separada por 45 km. Se puede llegar partiendo desde Machalilla o Puerto L\u00f3pez, a trav\u00e9s de un viaje en lancha que no demora m\u00e1s de dos horas.<\/span><\/p>\n<p>[\/vc_column_text][\/vc_column][\/vc_row][\/vc_section][vc_row][vc_column][vc_separator border_width=&#8221;5&#8243;][\/vc_column][\/vc_row][vc_row][vc_column width=&#8221;1\/2&#8243;][vc_single_image image=&#8221;2939&#8243; img_size=&#8221;full&#8221; alignment=&#8221;center&#8221; parallax_scroll=&#8221;no&#8221;][\/vc_column][vc_column width=&#8221;1\/2&#8243;][vc_single_image image=&#8221;2944&#8243; img_size=&#8221;full&#8221; alignment=&#8221;center&#8221; parallax_scroll=&#8221;no&#8221;][\/vc_column][\/vc_row][vc_row content_placement=&#8221;middle&#8221; woodmart_parallax=&#8221;0&#8243; woodmart_gradient_switch=&#8221;no&#8221; row_reverse_mobile=&#8221;0&#8243; row_reverse_tablet=&#8221;0&#8243; woodmart_disable_overflow=&#8221;0&#8243;][vc_column width=&#8221;1\/2&#8243;][vc_column_text]<\/p>\n<h2 style=\"text-align: center;\"><span style=\"font-family: arial, helvetica, sans-serif;\">AGUA BLANCA<\/span><\/h2>\n<p>[\/vc_column_text][\/vc_column][vc_column width=&#8221;1\/2&#8243;][vc_column_text]<\/p>\n<p style=\"text-align: justify;\"><span style=\"font-family: arial, helvetica, sans-serif;\">Agua Blanca es una comuna de la Parroquia Machalilla, Cant\u00f3n Puerto L\u00f3pez, Provincia de Manab\u00ed, Ecuador. Est\u00e1 al oriente de la ciudad de Puerto L\u00f3pez. La comunidad tiene una peque\u00f1a iglesia y un museo en el centro del pueblo. La iglesia est\u00e1 fant\u00e1sticamente pintada en colores.<\/span><\/p>\n<p>[\/vc_column_text][\/vc_column][\/vc_row][vc_row][vc_column][vc_separator border_width=&#8221;5&#8243;][\/vc_column][\/vc_row][vc_row][vc_column width=&#8221;1\/2&#8243;][vc_single_image image=&#8221;2945&#8243; img_size=&#8221;full&#8221; alignment=&#8221;center&#8221; parallax_scroll=&#8221;no&#8221;][\/vc_column][vc_column width=&#8221;1\/2&#8243;][vc_single_image image=&#8221;2946&#8243; img_size=&#8221;full&#8221; alignment=&#8221;center&#8221; parallax_scroll=&#8221;no&#8221;][\/vc_column][\/vc_row][vc_row content_placement=&#8221;middle&#8221; woodmart_parallax=&#8221;0&#8243; woodmart_gradient_switch=&#8221;no&#8221; row_reverse_mobile=&#8221;0&#8243; row_reverse_tablet=&#8221;0&#8243; woodmart_disable_overflow=&#8221;0&#8243;][vc_column width=&#8221;1\/2&#8243;][vc_column_text]<\/p>\n<h2 style=\"text-align: center;\"><span style=\"font-family: arial, helvetica, sans-serif;\">PUERTO LOPEZ<\/span><\/h2>\n<p>[\/vc_column_text][\/vc_column][vc_column width=&#8221;1\/2&#8243;][vc_column_text]<\/p>\n<p style=\"text-align: justify;\"><span style=\"font-family: arial, helvetica, sans-serif;\">Puerto L\u00f3pez, es una ciudad ecuatoriana; cabecera cantonal del Cant\u00f3n Puerto L\u00f3pez, as\u00ed como la duod\u00e9cima urbe m\u00e1s grande y poblada de la Provincia de Manab\u00ed. Las actividades que podemos encontrar en puerto lopez, Bucear en aguas cristalinas, caminar por senderos en islas misteriosas, ba\u00f1arse en el mar azul y broncearse con los rayos del sol durante todo el d\u00eda son algunas de las actividades que se realizan en Puerto L\u00f3pez.<\/span><\/p>\n<p>[\/vc_column_text][\/vc_column][\/vc_row]<\/p>\n<\/section>","protected":false},"excerpt":{"rendered":"<p>[vc_section full_width=&#8221;stretch_row_content&#8221; woodmart_parallax=&#8221;0&#8243; woodmart_gradient_switch=&#8221;no&#8221; woodmart_disable_overflow=&#8221;0&#8243; css=&#8221;.vc_custom_1683302255056{margin-top: -35px !important;}&#8221;][vc_row full_width=&#8221;stretch_row_content_no_spaces&#8221; woodmart_parallax=&#8221;0&#8243; woodmart_gradient_switch=&#8221;no&#8221; row_reverse_mobile=&#8221;0&#8243; row_reverse_tablet=&#8221;0&#8243; woodmart_disable_overflow=&#8221;0&#8243;][vc_column][vc_single_image image=&#8221;2903&#8243; img_size=&#8221;full&#8221; alignment=&#8221;center&#8221; parallax_scroll=&#8221;no&#8221;][\/vc_column][\/vc_row][\/vc_section][vc_section css=&#8221;.vc_custom_1683302589076{margin-top: -35px<\/p>\n","protected":false},"author":1,"featured_media":0,"parent":0,"menu_order":0,"comment_status":"closed","ping_status":"closed","template":"","meta":{"_joinchat":[],"footnotes":""},"class_list":["post-2394","page","type-page","status-publish","hentry"],"_links":{"self":[{"href":"https:\/\/amcham-manabi.com\/en\/wp-json\/wp\/v2\/pages\/2394","targetHints":{"allow":["GET"]}}],"collection":[{"href":"https:\/\/amcham-manabi.com\/en\/wp-json\/wp\/v2\/pages"}],"about":[{"href":"https:\/\/amcham-manabi.com\/en\/wp-json\/wp\/v2\/types\/page"}],"author":[{"embeddable":true,"href":"https:\/\/amcham-manabi.com\/en\/wp-json\/wp\/v2\/users\/1"}],"replies":[{"embeddable":true,"href":"https:\/\/amcham-manabi.com\/en\/wp-json\/wp\/v2\/comments?post=2394"}],"version-history":[{"count":33,"href":"https:\/\/amcham-manabi.com\/en\/wp-json\/wp\/v2\/pages\/2394\/revisions"}],"predecessor-version":[{"id":3136,"href":"https:\/\/amcham-manabi.com\/en\/wp-json\/wp\/v2\/pages\/2394\/revisions\/3136"}],"wp:attachment":[{"href":"https:\/\/amcham-manabi.com\/en\/wp-json\/wp\/v2\/media?parent=2394"}],"curies":[{"name":"wp","href":"https:\/\/api.w.org\/{rel}","templated":true}]}}