{"id":2846,"date":"2023-04-26T22:07:30","date_gmt":"2023-04-26T22:07:30","guid":{"rendered":"https:\/\/amcham-manabi.com\/?post_type=product&#038;p=2846"},"modified":"2023-04-26T22:07:30","modified_gmt":"2023-04-26T22:07:30","slug":"para-personas-naturales-membresia","status":"publish","type":"product","link":"https:\/\/amcham-manabi.com\/en\/product\/para-personas-naturales-membresia\/","title":{"rendered":"Para personas Naturales (Membres\u00eda)"},"content":{"rendered":"","protected":false},"excerpt":{"rendered":"<p style=\"text-align: justify;\">La C\u00e1mara de Comercio Ecuatoriano Americana Seccional de Manab\u00ed pone a disposici\u00f3n de sus socios una serie de beneficios y servicios, pensando en sus necesidades y desarrollo profesional. Adem\u00e1s, Amcham Manab\u00ed brinda espacios para que sus afiliados generen nuevas oportunidades de negocios y participen activamente en el dise\u00f1o de estrategias que promuevan el desarrollo de sus negocios y de los sectores econ\u00f3micos y productivos del pa\u00eds.<\/p>\n<p style=\"text-align: justify;\">Entre los beneficios est\u00e1n:<\/p>\n<p style=\"text-align: justify;\">REDES<br \/>\nASESORIA COMERCIO EXTERIOR<br \/>\nCAPACITACI\u00d3N<br \/>\nRED DE CONTACTOS NACIONALES E INTERNACIONALES<br \/>\nMISIONES EMPRESARIALES<br \/>\nESPACIOS DE POSICIONAMIENTO EMPRESARIAL<br \/>\nESPACIOS DE TRABAJO<br \/>\nPROMOCI\u00d3N<br \/>\nDESCUENTO<br \/>\nCOMUNICACI\u00d3N<\/p>\n","protected":false},"featured_media":2797,"template":"","meta":{"_joinchat":[]},"product_cat":[64],"product_tag":[],"class_list":["post-2846","product","type-product","status-publish","has-post-thumbnail","hentry","product_cat-membresia"],"_links":{"self":[{"href":"https:\/\/amcham-manabi.com\/en\/wp-json\/wp\/v2\/product\/2846","targetHints":{"allow":["GET"]}}],"collection":[{"href":"https:\/\/amcham-manabi.com\/en\/wp-json\/wp\/v2\/product"}],"about":[{"href":"https:\/\/amcham-manabi.com\/en\/wp-json\/wp\/v2\/types\/product"}],"wp:featuredmedia":[{"embeddable":true,"href":"https:\/\/amcham-manabi.com\/en\/wp-json\/wp\/v2\/media\/2797"}],"wp:attachment":[{"href":"https:\/\/amcham-manabi.com\/en\/wp-json\/wp\/v2\/media?parent=2846"}],"wp:term":[{"taxonomy":"product_cat","embeddable":true,"href":"https:\/\/amcham-manabi.com\/en\/wp-json\/wp\/v2\/product_cat?post=2846"},{"taxonomy":"product_tag","embeddable":true,"href":"https:\/\/amcham-manabi.com\/en\/wp-json\/wp\/v2\/product_tag?post=2846"}],"curies":[{"name":"wp","href":"https:\/\/api.w.org\/{rel}","templated":true}]}}